{"id":27817,"date":"2024-10-26T15:55:44","date_gmt":"2024-10-26T15:55:44","guid":{"rendered":"https:\/\/rylclinic.com\/?page_id=27817"},"modified":"2024-10-26T15:55:44","modified_gmt":"2024-10-26T15:55:44","slug":"ortodonti","status":"publish","type":"page","link":"https:\/\/rylclinic.com\/en\/ortodonti\/","title":{"rendered":"Orthodontics"},"content":{"rendered":"<p><strong>Orthodontics and Treatment Methods<\/strong><\/p>\n<p>Orthodontics is the branch of dentistry that examines and treats misalignments of teeth and the positions of jaw bones. Orthodontic treatment not only improves a patient&#039;s appearance aesthetically but also aims to correct chewing and speech functions. Through this treatment, an ideal jaw relationship is achieved, and teeth are aligned correctly, resulting in a healthier oral structure.<\/p>\n<p><strong>Methods Used in Orthodontic Treatment<\/strong><\/p>\n<p>Orthodontic treatment is applied using various methods tailored to each patient&#039;s needs. The most common orthodontic method is braces, which apply controlled pressure to move teeth into the correct position. Clear aligners (Invisalign) are transparent and removable appliances preferred when braces pose aesthetic concerns. Treatments with clear aligners prioritize aesthetics and offer ease of use. Jaw aligners are used to correct or support the position of the jaw bones.<\/p>\n<p><strong>Benefits of Orthodontic Treatment<\/strong><\/p>\n<p>Orthodontic treatment contributes to a healthy tooth alignment and jaw structure, as well as increased self-confidence. Correcting crooked teeth makes dental cleaning easier, helping to prevent tooth decay and gum disease. Furthermore, aligning jaw and tooth positions improves chewing function and makes speech clearer.<\/p>","protected":false},"excerpt":{"rendered":"<p>Ortodonti ve Tedavi Y\u00f6ntemleri Ortodonti, di\u015flerdeki \u00e7apra\u015f\u0131kl\u0131klar\u0131n ve \u00e7ene kemiklerinin birbirleri ile pozisyonlar\u0131n\u0131n incelendi\u011fi, bu alanlarda olu\u015fan sorunlar\u0131n tedavi edildi\u011fi di\u015f hekimli\u011fi dal\u0131d\u0131r. Ortodontik tedavi, sadece estetik a\u00e7\u0131dan hastan\u0131n g\u00f6r\u00fcn\u00fcm\u00fcn\u00fc iyile\u015ftirmekle kalmaz; ayn\u0131 zamanda \u00e7i\u011fneme ve konu\u015fma fonksiyonlar\u0131n\u0131 da d\u00fczeltmeyi ama\u00e7lar. Bu tedavi sayesinde ideal \u00e7ene ili\u015fkisi sa\u011flan\u0131r ve di\u015fler do\u011fru hizaya getirilerek daha sa\u011fl\u0131kl\u0131 [&hellip;]<\/p>","protected":false},"author":1,"featured_media":0,"parent":0,"menu_order":0,"comment_status":"closed","ping_status":"closed","template":"","meta":{"footnotes":""},"class_list":["post-27817","page","type-page","status-publish","hentry"],"_links":{"self":[{"href":"https:\/\/rylclinic.com\/en\/wp-json\/wp\/v2\/pages\/27817","targetHints":{"allow":["GET"]}}],"collection":[{"href":"https:\/\/rylclinic.com\/en\/wp-json\/wp\/v2\/pages"}],"about":[{"href":"https:\/\/rylclinic.com\/en\/wp-json\/wp\/v2\/types\/page"}],"author":[{"embeddable":true,"href":"https:\/\/rylclinic.com\/en\/wp-json\/wp\/v2\/users\/1"}],"replies":[{"embeddable":true,"href":"https:\/\/rylclinic.com\/en\/wp-json\/wp\/v2\/comments?post=27817"}],"version-history":[{"count":1,"href":"https:\/\/rylclinic.com\/en\/wp-json\/wp\/v2\/pages\/27817\/revisions"}],"predecessor-version":[{"id":27818,"href":"https:\/\/rylclinic.com\/en\/wp-json\/wp\/v2\/pages\/27817\/revisions\/27818"}],"wp:attachment":[{"href":"https:\/\/rylclinic.com\/en\/wp-json\/wp\/v2\/media?parent=27817"}],"curies":[{"name":"wp","href":"https:\/\/api.w.org\/{rel}","templated":true}]}}