{"id":27815,"date":"2024-10-26T15:54:58","date_gmt":"2024-10-26T15:54:58","guid":{"rendered":"https:\/\/rylclinic.com\/?page_id=27815"},"modified":"2024-10-26T15:54:58","modified_gmt":"2024-10-26T15:54:58","slug":"periyodik-dis-bakimi","status":"publish","type":"page","link":"https:\/\/rylclinic.com\/en\/periyodik-dis-bakimi\/","title":{"rendered":"Periodic Dental Care"},"content":{"rendered":"<p><strong>The Importance of Regular Dental Checkups<\/strong><\/p>\n<p>Maintaining oral and dental health requires regular visits to the dentist. Ideally, everyone should have a dental check-up every six months. These regular check-ups allow for the early detection of potential oral health problems, enabling preventative treatments to stop their progression.<\/p>\n<p>The oral cavity is a constantly active environment for bacteria, and this activity is triggered throughout the day by factors such as eating and drinking. While brushing your teeth twice a day is an important preventative measure, this bacterial activity continues 24 hours a day. Regularly visiting your dentist helps detect gum problems, cavities, and other oral health issues in their early stages.<\/p>\n<p><strong>Benefits of Regular Checkups<\/strong><\/p>\n<p>Early detection allows problems like tooth decay to be treated with a simple filling before they progress, preventing more costly and complex treatment processes. For example, if regular checkups are not done, a cavity that could be treated with a filling may progress and require root canal treatment or extraction. If tooth loss occurs, more extensive treatments such as implants may be needed.<\/p>\n<p><strong>The Relationship Between Gums and General Health<\/strong><\/p>\n<p>Gum problems, if neglected, can lead to more serious surgeries and permanent tooth loss. While issues like gum recession, tartar buildup, or bone loss can initially be resolved with simple procedures like professional tartar removal, advanced stages may require extensive surgical intervention. Oral infections can affect the entire body and trigger diseases such as heart problems and diabetes.<\/p>\n<p><strong>Secure your health with preventive treatments.<\/strong><\/p>\n<p>Treating oral and dental health problems in their early stages with simple interventions is both more economical and less cumbersome. Preventive treatments can prevent these problems from progressing. Therefore, regular visits to your dentist are one of the most effective ways to safeguard your health.<\/p>","protected":false},"excerpt":{"rendered":"<p>D\u00fczenli Di\u015f Hekimi Kontrollerinin \u00d6nemi A\u011f\u0131z ve di\u015f sa\u011fl\u0131\u011f\u0131n\u0131n korunmas\u0131 i\u00e7in di\u015f hekimine d\u00fczenli olarak gitmek \u00e7ok \u00f6nemlidir. Normal \u015fartlarda her bireyin alt\u0131 ayda bir di\u015f hekimi kontrol\u00fcnden ge\u00e7mesi gerekmektedir. Bu d\u00fczenli kontroller, a\u011f\u0131z sa\u011fl\u0131\u011f\u0131 ile ilgili ortaya \u00e7\u0131kabilecek problemlerin erken d\u00f6nemde fark edilmesini sa\u011flar ve koruyucu tedavilerle ilerlemelerinin \u00f6n\u00fcne ge\u00e7er. A\u011f\u0131z ortam\u0131, bakterilerin s\u00fcrekli [&hellip;]<\/p>","protected":false},"author":1,"featured_media":0,"parent":0,"menu_order":0,"comment_status":"closed","ping_status":"closed","template":"","meta":{"footnotes":""},"class_list":["post-27815","page","type-page","status-publish","hentry"],"_links":{"self":[{"href":"https:\/\/rylclinic.com\/en\/wp-json\/wp\/v2\/pages\/27815","targetHints":{"allow":["GET"]}}],"collection":[{"href":"https:\/\/rylclinic.com\/en\/wp-json\/wp\/v2\/pages"}],"about":[{"href":"https:\/\/rylclinic.com\/en\/wp-json\/wp\/v2\/types\/page"}],"author":[{"embeddable":true,"href":"https:\/\/rylclinic.com\/en\/wp-json\/wp\/v2\/users\/1"}],"replies":[{"embeddable":true,"href":"https:\/\/rylclinic.com\/en\/wp-json\/wp\/v2\/comments?post=27815"}],"version-history":[{"count":1,"href":"https:\/\/rylclinic.com\/en\/wp-json\/wp\/v2\/pages\/27815\/revisions"}],"predecessor-version":[{"id":27816,"href":"https:\/\/rylclinic.com\/en\/wp-json\/wp\/v2\/pages\/27815\/revisions\/27816"}],"wp:attachment":[{"href":"https:\/\/rylclinic.com\/en\/wp-json\/wp\/v2\/media?parent=27815"}],"curies":[{"name":"wp","href":"https:\/\/api.w.org\/{rel}","templated":true}]}}