{"id":27811,"date":"2024-10-26T15:41:42","date_gmt":"2024-10-26T15:41:42","guid":{"rendered":"https:\/\/rylclinic.com\/?page_id=27811"},"modified":"2024-10-26T15:41:42","modified_gmt":"2024-10-26T15:41:42","slug":"implant-tedavisi","status":"publish","type":"page","link":"https:\/\/rylclinic.com\/en\/implant-tedavisi\/","title":{"rendered":"Implant Treatment"},"content":{"rendered":"<p><strong>What is Implant Treatment and How is it Applied?<\/strong><br \/>\nImplant treatment is the process of replacing a lost tooth with an artificial tooth root. Dental implants are screw-like structures made of titanium, which is compatible with the human body, and are placed inside the jawbone to replace missing teeth. Our clinic uses only biocompatible, long-lasting implants. With proper care, implants can last a lifetime, just like natural teeth.<\/p>\n<p><strong>Why is it important to start implant treatment early?<\/strong><br \/>\nIt is recommended to start implant treatment shortly after tooth loss. Early treatment can prevent bone resorption in the jawbone and allow for the restoration of healthy teeth more quickly. In patients with insufficient bone support, bone structure is strengthened with grafting; thus, patients experiencing bone loss can also benefit from implant treatment.<\/p>\n<p><strong>The Ease and Comfort of Implant Treatment<\/strong><br \/>\nThanks to advanced technology, implant treatment is surprisingly simple and comfortable. Following tooth extraction, the implant placement process is completed after approximately 6 weeks of healing. For patients who have previously had teeth extracted, the treatment process can be reduced to as little as 3-4 weeks thanks to the biocompatible implants used in our clinic.<\/p>\n<p><strong>The Importance of High-Quality Implant Brands<\/strong><br \/>\nOur clinic uses FDA and CE approved implant brands that have been trusted in the industry for many years. While many implant brands are available in T\u00fcrkiye, only a few have a business continuity guarantee of over 10 years. Our clinic guarantees the reliability and longevity of the implant brand by providing our patients with lifetime warranty certificates.<\/p>\n<p><strong>What factors affect implant prices?<\/strong><br \/>\nImplant treatment prices vary depending on the chosen implant brand and the surgeon&#039;s level of expertise. Therefore, in addition to high-quality implant brands, the experience of the surgeon performing the operation is also an important factor affecting the cost of treatment.<\/p>","protected":false},"excerpt":{"rendered":"<p>\u0130mplant Tedavisi Nedir ve Nas\u0131l Uygulan\u0131r? \u0130mplant tedavisi, kaybedilen di\u015fin yerine yapay di\u015f k\u00f6k\u00fcn\u00fcn konulmas\u0131 i\u015flemidir. Di\u015f implantlar\u0131, eksik di\u015flerin yerine \u00e7ene kemi\u011fi i\u00e7erisine yerle\u015ftirilen, insan v\u00fccuduyla uyumlu titanyumdan yap\u0131lm\u0131\u015f vida benzeri yap\u0131lard\u0131r. Klini\u011fimizde yaln\u0131zca doku dostu, uzun \u00f6m\u00fcrl\u00fc implantlar kullan\u0131lmaktad\u0131r. \u0130yi bir bak\u0131m ile implantlar do\u011fal di\u015fler gibi \u00f6m\u00fcr boyu kullan\u0131labilir. \u0130mplant Tedavisine Erken [&hellip;]<\/p>","protected":false},"author":1,"featured_media":0,"parent":0,"menu_order":0,"comment_status":"closed","ping_status":"closed","template":"","meta":{"footnotes":""},"class_list":["post-27811","page","type-page","status-publish","hentry"],"_links":{"self":[{"href":"https:\/\/rylclinic.com\/en\/wp-json\/wp\/v2\/pages\/27811","targetHints":{"allow":["GET"]}}],"collection":[{"href":"https:\/\/rylclinic.com\/en\/wp-json\/wp\/v2\/pages"}],"about":[{"href":"https:\/\/rylclinic.com\/en\/wp-json\/wp\/v2\/types\/page"}],"author":[{"embeddable":true,"href":"https:\/\/rylclinic.com\/en\/wp-json\/wp\/v2\/users\/1"}],"replies":[{"embeddable":true,"href":"https:\/\/rylclinic.com\/en\/wp-json\/wp\/v2\/comments?post=27811"}],"version-history":[{"count":1,"href":"https:\/\/rylclinic.com\/en\/wp-json\/wp\/v2\/pages\/27811\/revisions"}],"predecessor-version":[{"id":27812,"href":"https:\/\/rylclinic.com\/en\/wp-json\/wp\/v2\/pages\/27811\/revisions\/27812"}],"wp:attachment":[{"href":"https:\/\/rylclinic.com\/en\/wp-json\/wp\/v2\/media?parent=27811"}],"curies":[{"name":"wp","href":"https:\/\/api.w.org\/{rel}","templated":true}]}}