{"id":27807,"date":"2024-10-26T15:31:47","date_gmt":"2024-10-26T15:31:47","guid":{"rendered":"https:\/\/rylclinic.com\/?page_id=27807"},"modified":"2024-10-26T15:31:47","modified_gmt":"2024-10-26T15:31:47","slug":"estetik-dis-hekimligi","status":"publish","type":"page","link":"https:\/\/rylclinic.com\/en\/estetik-dis-hekimligi\/","title":{"rendered":"Aesthetic Dentistry"},"content":{"rendered":"<p>Aesthetic dentistry is a branch of dentistry that improves not only the appearance of the teeth but also the gums and bite. It is used to improve oral structure and smile quality, and this process also encompasses the functions of the teeth, such as the way and force of biting. Aesthetic dentistry addresses both the appearance and functionality of teeth.<\/p>\n<p>While creating a perfect smile seems to be the primary goal of aesthetic dentistry, the ultimate objective is actually to restore the mouth&#039;s natural health and function. When aesthetics and dental health are combined, the result is a natural, healthy, and long-lasting smile. At Dent Suadiye, we pay close attention to the size, shape, color, position, and alignment of teeth and gums in aesthetic dentistry. We apply various periodontal, conservative, and prosthetic treatments to correct crooked or misshapen teeth and restore dark teeth to their natural white color. When necessary, our expert orthodontist also participates in the treatment process to achieve the best results.<\/p>\n<p><strong>In what situations is Aesthetic Dentistry applied?<\/strong><br \/>\nAesthetic dentistry is applied to teeth that have changed color for various reasons, broken due to trauma or decay, irregular, crooked or misshapen teeth; to problems with color and shape of the gums; and to missing teeth.<\/p>\n<p><strong>Aesthetic Dentistry Treatment Methods:<\/strong><br \/>\n\u2013 Aesthetic fillers<br \/>\n\u2013 Teeth whitening<br \/>\n\u2013 Gum aesthetics<br \/>\n\u2013 Porcelain veneers<br \/>\n\u2013 Metal-free coatings (Zirconium or Empress)<br \/>\n\u2013 Smile design<\/p>","protected":false},"excerpt":{"rendered":"<p>Estetik di\u015f hekimli\u011fi, sadece di\u015flerin de\u011fil, di\u015f etlerinin ve di\u015f kapan\u0131\u015f\u0131n\u0131n da g\u00f6r\u00fcn\u00fcm\u00fcn\u00fc iyile\u015ftiren bir di\u015f hekimli\u011fi dal\u0131d\u0131r. A\u011f\u0131z yap\u0131s\u0131n\u0131 ve g\u00fcl\u00fcmseme kalitesini iyile\u015ftirmek i\u00e7in kullan\u0131l\u0131r ve bu s\u00fcre\u00e7, di\u015flerin \u0131s\u0131rma \u015fekli ve kuvveti gibi i\u015flevlerini de kapsar. Estetik di\u015f hekimli\u011fi, di\u015flerin g\u00f6r\u00fcn\u00fcm\u00fcn\u00fc ve i\u015flevselli\u011fini bir arada ele al\u0131r. M\u00fckemmel bir g\u00fcl\u00fcmseme yaratmak estetik di\u015f [&hellip;]<\/p>","protected":false},"author":1,"featured_media":0,"parent":0,"menu_order":0,"comment_status":"closed","ping_status":"closed","template":"","meta":{"footnotes":""},"class_list":["post-27807","page","type-page","status-publish","hentry"],"_links":{"self":[{"href":"https:\/\/rylclinic.com\/en\/wp-json\/wp\/v2\/pages\/27807","targetHints":{"allow":["GET"]}}],"collection":[{"href":"https:\/\/rylclinic.com\/en\/wp-json\/wp\/v2\/pages"}],"about":[{"href":"https:\/\/rylclinic.com\/en\/wp-json\/wp\/v2\/types\/page"}],"author":[{"embeddable":true,"href":"https:\/\/rylclinic.com\/en\/wp-json\/wp\/v2\/users\/1"}],"replies":[{"embeddable":true,"href":"https:\/\/rylclinic.com\/en\/wp-json\/wp\/v2\/comments?post=27807"}],"version-history":[{"count":1,"href":"https:\/\/rylclinic.com\/en\/wp-json\/wp\/v2\/pages\/27807\/revisions"}],"predecessor-version":[{"id":27808,"href":"https:\/\/rylclinic.com\/en\/wp-json\/wp\/v2\/pages\/27807\/revisions\/27808"}],"wp:attachment":[{"href":"https:\/\/rylclinic.com\/en\/wp-json\/wp\/v2\/media?parent=27807"}],"curies":[{"name":"wp","href":"https:\/\/api.w.org\/{rel}","templated":true}]}}