{"id":27385,"date":"2023-01-18T18:44:46","date_gmt":"2023-01-18T18:44:46","guid":{"rendered":"https:\/\/avato.peerduck.com\/?page_id=27385"},"modified":"2024-10-29T15:55:44","modified_gmt":"2024-10-29T15:55:44","slug":"our-team","status":"publish","type":"page","link":"https:\/\/rylclinic.com\/en\/our-team\/","title":{"rendered":"Our Team"},"content":{"rendered":"<div data-elementor-type=\"wp-page\" data-elementor-id=\"27385\" class=\"elementor elementor-27385\">\n\t\t\t\t\t\t<section class=\"elementor-section elementor-top-section elementor-element elementor-element-4030b8d elementor-section-boxed elementor-section-height-default elementor-section-height-default\" data-id=\"4030b8d\" data-element_type=\"section\" data-settings=\"{&quot;background_background&quot;:&quot;classic&quot;}\">\n\t\t\t\t\t\t\t<div class=\"elementor-background-overlay\"><\/div>\n\t\t\t\t\t\t\t<div class=\"elementor-container elementor-column-gap-default\">\n\t\t\t\t\t<div class=\"elementor-column elementor-col-100 elementor-top-column elementor-element elementor-element-0c88a02\" data-id=\"0c88a02\" data-element_type=\"column\">\n\t\t\t<div class=\"elementor-widget-wrap elementor-element-populated\">\n\t\t\t\t\t\t<section class=\"elementor-section elementor-inner-section elementor-element elementor-element-eb161f4 elementor-section-boxed elementor-section-height-default elementor-section-height-default elementor-invisible\" data-id=\"eb161f4\" data-element_type=\"section\" data-settings=\"{&quot;animation&quot;:&quot;fadeIn&quot;,&quot;animation_delay&quot;:100}\">\n\t\t\t\t\t\t<div class=\"elementor-container elementor-column-gap-default\">\n\t\t\t\t\t<div class=\"elementor-column elementor-col-100 elementor-inner-column elementor-element elementor-element-31b27fa\" data-id=\"31b27fa\" data-element_type=\"column\">\n\t\t\t<div class=\"elementor-widget-wrap elementor-element-populated\">\n\t\t\t\t\t\t<div class=\"elementor-element elementor-element-3c867fc elementor-widget-mobile__width-inherit elementor-widget elementor-widget-text-editor\" data-id=\"3c867fc\" data-element_type=\"widget\" data-widget_type=\"text-editor.default\">\n\t\t\t\t<div class=\"elementor-widget-container\">\n\t\t\t\t\t\t\tMedical <span style=\"color: #734f23;\"> Meet our team.<\/span>\t\t\t\t\t\t<\/div>\n\t\t\t\t<\/div>\n\t\t\t\t<div class=\"elementor-element elementor-element-8893b50 elementor-widget elementor-widget-text-editor\" data-id=\"8893b50\" data-element_type=\"widget\" data-widget_type=\"text-editor.default\">\n\t\t\t\t<div class=\"elementor-widget-container\">\n\t\t\t\t\t\t\t<p>Our clinic aims to provide friendly, compassionate dental services and the highest level of general, cosmetic, and specialist dental treatments.<\/p>\t\t\t\t\t\t<\/div>\n\t\t\t\t<\/div>\n\t\t\t\t\t<\/div>\n\t\t<\/div>\n\t\t\t\t\t<\/div>\n\t\t<\/section>\n\t\t\t\t\t<\/div>\n\t\t<\/div>\n\t\t\t\t\t<\/div>\n\t\t<\/section>\n\t\t\t\t<section class=\"elementor-section elementor-top-section elementor-element elementor-element-0100f32 elementor-section-boxed elementor-section-height-default elementor-section-height-default\" data-id=\"0100f32\" data-element_type=\"section\" data-settings=\"{&quot;background_background&quot;:&quot;classic&quot;}\">\n\t\t\t\t\t\t\t<div class=\"elementor-background-overlay\"><\/div>\n\t\t\t\t\t\t\t<div class=\"elementor-container elementor-column-gap-default\">\n\t\t\t\t\t<div class=\"elementor-column elementor-col-100 elementor-top-column elementor-element elementor-element-716ce85\" data-id=\"716ce85\" data-element_type=\"column\">\n\t\t\t<div class=\"elementor-widget-wrap elementor-element-populated\">\n\t\t\t\t\t\t<div class=\"elementor-element elementor-element-8ea6440 align-img elementor-widget-mobile__width-inherit elementor-widget elementor-widget-ucaddon_card_carousel\" data-id=\"8ea6440\" data-element_type=\"widget\" data-widget_type=\"ucaddon_card_carousel.default\">\n\t\t\t\t<div class=\"elementor-widget-container\">\n\t\t\t\n<!-- start Card Carousel -->\n\t\t<link id='font-awesome-css' href='https:\/\/rylclinic.com\/wp-content\/plugins\/unlimited-elements-for-elementor\/assets_libraries\/font-awesome6\/fontawesome-all.min.css' type='text\/css' rel='stylesheet' >\n\t\t<link id='font-awesome-4-shim-css' href='https:\/\/rylclinic.com\/wp-content\/plugins\/unlimited-elements-for-elementor\/assets_libraries\/font-awesome6\/fontawesome-v4-shims.min.css' type='text\/css' rel='stylesheet' >\n\t\t<link id='owl-carousel-css' href='https:\/\/rylclinic.com\/wp-content\/plugins\/unlimited-elements-for-elementor\/assets_libraries\/owl-carousel-new\/assets\/owl.carousel.css' type='text\/css' rel='stylesheet' >\n\n<style>\/* widget: Card Carousel *\/\n\n#uc_card_carousel_elementor_8ea6440 *{\n\t-webkit-box-sizing: border-box;\n\t-moz-box-sizing: border-box;\n\tbox-sizing: border-box;\n}\n\n#uc_card_carousel_elementor_8ea6440 .ue-carousel-item\n{\n  overflow:hidden;\n  transition:0.3s;\n}\n\n#uc_card_carousel_elementor_8ea6440 .uc_classic_carousel_container_holder\n{\n\tdisplay:block;\n\tposition:relative;\n\twidth:100%;\n    box-sizing: border-box;\n}\n.card_carousel_title\n{\n\tfont-size:21px;\n}\n\n.uc_classic_carousel .uc_classic_carousel_border\n{\n\tdisplay:block;\n    margin:0 auto;\n}\n\n.uc_classic_carousel  .uc_classic_carousel_placeholder img\n{\n\twidth:100%;\n    \n    display:inline-flex;\n}\n.uc_classic_carousel .uc_classic_carousel_content\n{\n  display: flex;\n flex-flow: column nowrap;\n}\n\n.uc_classic_carousel .ue_button\n{\n  margin-top:auto;\n\n}\n\n.uc_classic_carousel .uc_classic_carousel_content .uc_more_btn {\n\tdisplay:inline-block;\n\ttext-decoration:none;\n\ttransition: all 0.5s ease;\n}\n\n\n#uc_card_carousel_elementor_8ea6440 .owl-dots {\noverflow:hidden;\ntext-align:center;\n}\n\n#uc_card_carousel_elementor_8ea6440 .owl-dot {\nborder-radius:50%;\ndisplay:inline-block;\n}\n\n#uc_card_carousel_elementor_8ea6440 .owl-nav .owl-prev{\n    position:absolute;\n    display:inline-block;\n    text-align:center;\n}\n#uc_card_carousel_elementor_8ea6440 .owl-nav .owl-next{\n  position:absolute;\n  display:inline-block;\n  text-align:center;\n}\n\n#uc_card_carousel_elementor_8ea6440 .owl-nav .disabled\n{\n    display: none;  \n}\n\n\n#uc_card_carousel_elementor_8ea6440 .ue-item-icon\n{\n  line-height:1em;\n  display:inline-flex;\n  justify-content:center;\n  align-items:center;\n  \n}\n\n#uc_card_carousel_elementor_8ea6440 .ue-item-icon svg\n{\n  height:1em;\n  width:1em;\n}\n\n#uc_card_carousel_elementor_8ea6440 .ue-item-icon-wrapper\n{\n  display:flex;\n}\n\n\n\n\n<\/style>\n\n<div class=\"uc_classic_carousel\" >\n        <div class=\"uc_carousel owl-carousel\" id=\"uc_card_carousel_elementor_8ea6440\" >\n          \t<div class=\"uc_classic_carousel_container_holder ue-item elementor-repeater-item-7c03972\">\n  <div class=\"ue-carousel-item\">\n      <div class=\"uc_classic_carousel_placeholder\">\n    <a href=\"\" title=\"\" >      <img fetchpriority=\"high\" decoding=\"async\" src=\"https:\/\/rylclinic.com\/wp-content\/uploads\/2024\/10\/DR-RYL-02-768x768.jpg\"  alt=\"DR-RYL-02\" width=\"768\" height=\"768\">\n    <\/a>  <\/div>\n    <div class=\"uc_classic_carousel_content\" style=\"direction:ltr;\">\n    \n    \n        \n          \t\n      <div  class=\"card_carousel_title\">Dr. Jafar Alnak\u0131m<\/div>\n          \t\n    \n      \n    <p class=\"card_carousel_text\">Dentistry <br>\nAegean University<\/p>    \n    \n    \t\n    \n    \n    \t\n  <\/div>\n  <\/div>\n<\/div>\n<div class=\"uc_classic_carousel_container_holder ue-item elementor-repeater-item-69d2a57\">\n  <div class=\"ue-carousel-item\">\n      <div class=\"uc_classic_carousel_placeholder\">\n    <a href=\"\" title=\"\" >      <img decoding=\"async\" src=\"https:\/\/rylclinic.com\/wp-content\/uploads\/2024\/10\/DR-RYL-01-768x768.jpg\"  alt=\"DR-RYL-01\" width=\"768\" height=\"768\">\n    <\/a>  <\/div>\n    <div class=\"uc_classic_carousel_content\" style=\"direction:ltr;\">\n    \n    \n        \n          \t\n      <div  class=\"card_carousel_title\">Dr. \u00d6mer Kaya<\/div>\n          \t\n    \n      \n    <p class=\"card_carousel_text\">Dentistry <br>\nIstanbul New Century University<\/p>    \n    \n    \t\n    \n    \n    \t\n  <\/div>\n  <\/div>\n<\/div>\n<div class=\"uc_classic_carousel_container_holder ue-item elementor-repeater-item-5eb213f\">\n  <div class=\"ue-carousel-item\">\n      <div class=\"uc_classic_carousel_placeholder\">\n    <a href=\"\" title=\"\" >      <img decoding=\"async\" src=\"https:\/\/rylclinic.com\/wp-content\/uploads\/2024\/10\/DR-RYL-04-768x768.jpg\"  alt=\"DR-RYL-04\" width=\"768\" height=\"768\">\n    <\/a>  <\/div>\n    <div class=\"uc_classic_carousel_content\" style=\"direction:ltr;\">\n    \n    \n        \n          \t\n      <div  class=\"card_carousel_title\">Dr. Hande Helin \u00d6zdemir<\/div>\n          \t\n    \n      \n    <p class=\"card_carousel_text\">Dentistry <br>\nIstanbul Ayd\u0131n University<\/p>    \n    \n    \t\n    \n    \n    \t\n  <\/div>\n  <\/div>\n<\/div>\n<div class=\"uc_classic_carousel_container_holder ue-item elementor-repeater-item-a07d4aa\">\n  <div class=\"ue-carousel-item\">\n      <div class=\"uc_classic_carousel_placeholder\">\n    <a href=\"#\" title=\"Show More\" >      <img loading=\"lazy\" decoding=\"async\" src=\"https:\/\/rylclinic.com\/wp-content\/uploads\/2024\/10\/DR-RYL-03-768x768.jpg\"  alt=\"DR-RYL-03\" width=\"768\" height=\"768\">\n    <\/a>  <\/div>\n    <div class=\"uc_classic_carousel_content\" style=\"direction:ltr;\">\n    \n    \n        \n          \t\n      <div  class=\"card_carousel_title\">Dr. Usama Almahtadi<\/div>\n          \t\n    \n      \n    <p class=\"card_carousel_text\">Dentistry <br>\nSelcuk University<\/p>    \n    \n    \t\n    \n    \n    \t\n  <\/div>\n  <\/div>\n<\/div>\n\n      <\/div>\n<\/div>\n<script type=\"text\/javascript\"  id=\"ue_script_card_carousel\">\n\n\/* Card Carousel scripts: *\/ \n\njQuery(document).ready(function(){\t\nfunction uc_card_carousel_elementor_8ea6440_start(){\n\t\t\n  var objCarousel = jQuery('#uc_card_carousel_elementor_8ea6440');\n  \n  \t\tobjCarousel.owlCarousel({\n\t\t\tloop: true,\n            rtl:false,\n            autoplay:true,\n            stagePadding: 0,                                               \n            autoplayHoverPause:true,\n            margin:40,\n            navText : [\"<i class='fas fa-chevron-left'><\/i>\",\"<i class='fas fa-chevron-right'><\/i>\"],\n\t\t\tnav: false,\n            rewindNav : false,\n            center:false,\n\t\t\tsetActiveClassOnMobile:true,\n            changeItemOnClick:false,\n            autoplayTimeout:3000,\n            smartSpeed: 1000,  \n\t\t\tdots:false,\n            shuffle:false,\n\t\t\tresponsive: {\n\t\t\t \n                   0 : {\n\t\t\t\t\t\titems:1,\n                        slideBy: 1\n\t\t\t\t\t},\n\t\t\t\t\t768 : {\n\t\t\t\t\t\titems:2,\n                        slideBy: 1\n\t\t\t\t\t},\n\t\t\t\t\t980 : {\n\t\t\t\t\t\titems:4,\n                        slideBy: 1 \n\t\t\t\t\t}  \n\t\t\t}\n\t\t  });\n  \n  \n\t\t\t\t\t\n\t\t\tobjCarousel.trigger(\"uc-object-ready\");\n\t\t\tjQuery(document).trigger(\"uc-remote-parent-init\", [objCarousel]);\n\t\t\t  \n  \n}if(jQuery(\"#uc_card_carousel_elementor_8ea6440\").length) uc_card_carousel_elementor_8ea6440_start(); else\n\tjQuery( document ).on( 'elementor\/popup\/show', () => { if(jQuery(\"#uc_card_carousel_elementor_8ea6440\").length) uc_card_carousel_elementor_8ea6440_start();});\n});\n<\/script>\n<!-- end Card Carousel -->\t\t<\/div>\n\t\t\t\t<\/div>\n\t\t\t\t\t<\/div>\n\t\t<\/div>\n\t\t\t\t\t<\/div>\n\t\t<\/section>\n\t\t\t\t<\/div>","protected":false},"excerpt":{"rendered":"<p>T\u0131bbi Ekibimizle Tan\u0131\u015f\u0131n Klini\u011fimizin amac\u0131 g\u00fcler y\u00fczl\u00fc, \u015fefkatli di\u015f hekimli\u011fi hizmeti ve en \u00fcst d\u00fczeyde genel, kozmetik ve uzman di\u015f tedavileri sunmakt\u0131r. Dr. Jafar Alnak\u0131m Di\u015f Hekimli\u011fi Ege \u00dcniversitesi Dr. \u00d6mer Kaya Di\u015f Hekimli\u011fi \u0130stanbul Yeni Y\u00fczy\u0131l \u00dcniversitesi Dr. Hande Helin \u00d6zdemir Di\u015f Hekimli\u011fi \u0130stanbul Ayd\u0131n \u00dcniversitesi Dr. Usame Almahtad\u0131 Di\u015f Hekimli\u011fi Sel\u00e7uk \u00dcniversitesi<\/p>","protected":false},"author":2,"featured_media":0,"parent":0,"menu_order":0,"comment_status":"closed","ping_status":"closed","template":"page-templates\/template-full-width-page-without-header-title.php","meta":{"footnotes":""},"class_list":["post-27385","page","type-page","status-publish","hentry"],"_links":{"self":[{"href":"https:\/\/rylclinic.com\/en\/wp-json\/wp\/v2\/pages\/27385","targetHints":{"allow":["GET"]}}],"collection":[{"href":"https:\/\/rylclinic.com\/en\/wp-json\/wp\/v2\/pages"}],"about":[{"href":"https:\/\/rylclinic.com\/en\/wp-json\/wp\/v2\/types\/page"}],"author":[{"embeddable":true,"href":"https:\/\/rylclinic.com\/en\/wp-json\/wp\/v2\/users\/2"}],"replies":[{"embeddable":true,"href":"https:\/\/rylclinic.com\/en\/wp-json\/wp\/v2\/comments?post=27385"}],"version-history":[{"count":9,"href":"https:\/\/rylclinic.com\/en\/wp-json\/wp\/v2\/pages\/27385\/revisions"}],"predecessor-version":[{"id":27938,"href":"https:\/\/rylclinic.com\/en\/wp-json\/wp\/v2\/pages\/27385\/revisions\/27938"}],"wp:attachment":[{"href":"https:\/\/rylclinic.com\/en\/wp-json\/wp\/v2\/media?parent=27385"}],"curies":[{"name":"wp","href":"https:\/\/api.w.org\/{rel}","templated":true}]}}