{"id":27819,"date":"2024-10-26T15:56:47","date_gmt":"2024-10-26T15:56:47","guid":{"rendered":"https:\/\/rylclinic.com\/?page_id=27819"},"modified":"2024-10-26T15:56:47","modified_gmt":"2024-10-26T15:56:47","slug":"agiz-ve-cene-cerrahisi","status":"publish","type":"page","link":"https:\/\/rylclinic.com\/ar\/agiz-ve-cene-cerrahisi\/","title":{"rendered":"\u062c\u0631\u0627\u062d\u0629 \u0627\u0644\u0641\u0645 \u0648\u0627\u0644\u0648\u062c\u0647 \u0648\u0627\u0644\u0641\u0643\u064a\u0646"},"content":{"rendered":"<p><strong>\u062c\u0631\u0627\u062d\u0629 \u0627\u0644\u0641\u0645 \u0648\u0627\u0644\u0648\u062c\u0647 \u0648\u0627\u0644\u0641\u0643\u064a\u0646: \u0645\u062c\u0627\u0644\u0627\u062a \u0627\u0644\u0639\u0644\u0627\u062c \u0648\u0627\u0644\u062a\u0637\u0628\u064a\u0642\u0627\u062a<\/strong><\/p>\n<p>\u062c\u0631\u0627\u062d\u0629 \u0627\u0644\u0641\u0645 \u0648\u0627\u0644\u0648\u062c\u0647 \u0648\u0627\u0644\u0641\u0643\u064a\u0646 \u0647\u064a \u0641\u0631\u0639 \u0645\u0646 \u0637\u0628 \u0627\u0644\u0623\u0633\u0646\u0627\u0646 \u064a\u0647\u062f\u0641 \u0625\u0644\u0649 \u062a\u0635\u062d\u064a\u062d \u0648\u0627\u0644\u062d\u0641\u0627\u0638 \u0639\u0644\u0649 \u0635\u062d\u0629 \u0627\u0644\u0623\u0646\u0633\u062c\u0629 \u0627\u0644\u0635\u0644\u0628\u0629 \u0648\u0627\u0644\u0631\u062e\u0648\u0629 \u0641\u064a \u0627\u0644\u0641\u0645 \u0648\u0627\u0644\u0641\u0643 \u0648\u0645\u0646\u0637\u0642\u0629 \u0627\u0644\u0648\u062c\u0647\u060c \u0648\u0638\u064a\u0641\u064a\u064b\u0627 \u0648\u062c\u0645\u0627\u0644\u064a\u064b\u0627. \u064a\u062a\u0646\u0627\u0648\u0644 \u0647\u0630\u0627 \u0627\u0644\u0645\u062c\u0627\u0644 \u0627\u0644\u0639\u0644\u0627\u062c \u0627\u0644\u062c\u0631\u0627\u062d\u064a \u0644\u0644\u0627\u0636\u0637\u0631\u0627\u0628\u0627\u062a \u0648\u0627\u0644\u0623\u0645\u0631\u0627\u0636 \u0648\u0627\u0644\u0625\u0635\u0627\u0628\u0627\u062a \u0627\u0644\u062a\u064a \u062a\u0635\u064a\u0628 \u0628\u0646\u064a\u0629 \u0627\u0644\u0641\u0645 \u0648\u0627\u0644\u0641\u0643. \u062a\u0647\u062f\u0641 \u0627\u0644\u062a\u062f\u062e\u0644\u0627\u062a \u0627\u0644\u062c\u0631\u0627\u062d\u064a\u0629 \u0625\u0644\u0649 \u062a\u0644\u0628\u064a\u0629 \u062a\u0637\u0644\u0639\u0627\u062a \u0627\u0644\u0645\u0631\u064a\u0636 \u0627\u0644\u062c\u0645\u0627\u0644\u064a\u0629 \u0648\u0627\u0633\u062a\u0639\u0627\u062f\u0629 \u0635\u062d\u0629 \u0627\u0644\u0641\u0643 \u0648\u0628\u0646\u064a\u0629 \u0627\u0644\u0641\u0645.<\/p>\n<p><strong>\u0627\u0644\u0625\u062c\u0631\u0627\u0621\u0627\u062a \u0627\u0644\u062a\u064a \u062a\u064f\u062c\u0631\u0649 \u0641\u064a \u062c\u0631\u0627\u062d\u0629 \u0627\u0644\u0641\u0645 \u0648\u0627\u0644\u0648\u062c\u0647 \u0648\u0627\u0644\u0641\u0643\u064a\u0646<\/strong><\/p>\n<ol>\n<li><strong>\u062e\u0644\u0639 \u0627\u0644\u0623\u0633\u0646\u0627\u0646:<\/strong> \u064a\u064f\u0639\u062f \u062e\u0644\u0639 \u0627\u0644\u0623\u0633\u0646\u0627\u0646\u060c \u0648\u062e\u0627\u0635\u0629 \u0627\u0644\u0623\u0633\u0646\u0627\u0646 \u0627\u0644\u062a\u064a \u0628\u0647\u0627 \u0645\u0634\u0627\u0643\u0644 \u0623\u0648 \u0645\u0635\u0627\u0628\u0629\u060c \u0625\u062c\u0631\u0627\u0621\u064b \u0628\u0627\u0644\u063a \u0627\u0644\u0623\u0647\u0645\u064a\u0629 \u0641\u064a \u062c\u0631\u0627\u062d\u0629 \u0627\u0644\u0641\u0645 \u0648\u0627\u0644\u0648\u062c\u0647 \u0648\u0627\u0644\u0641\u0643\u064a\u0646.<\/li>\n<li><strong>\u062c\u0631\u0627\u062d\u0629 \u062e\u0644\u0639 \u0636\u0631\u0633 \u0627\u0644\u0639\u0642\u0644 \u0627\u0644\u0645\u0646\u0637\u0645\u0631:<\/strong> \u0625\u0630\u0627 \u0646\u0645\u062a \u0636\u0631\u0648\u0633 \u0627\u0644\u0639\u0642\u0644 \u0641\u064a \u0648\u0636\u0639 \u062e\u0627\u0637\u0626 \u0648\u062a\u0633\u0628\u0628\u062a \u0641\u064a \u0645\u0634\u0627\u0643\u0644 \u0641\u064a \u0628\u0646\u064a\u0629 \u0627\u0644\u0641\u0643\u060c \u0641\u064a\u062c\u0628 \u0625\u0632\u0627\u0644\u0629 \u0647\u0630\u0647 \u0627\u0644\u0623\u0633\u0646\u0627\u0646 \u062c\u0631\u0627\u062d\u064a\u0627\u064b.<\/li>\n<li><strong>\u0639\u0644\u0627\u062c \u0632\u0631\u0627\u0639\u0629 \u0627\u0644\u0623\u0633\u0646\u0627\u0646:<\/strong> \u064a\u062a\u0645 \u0627\u0633\u062a\u0628\u062f\u0627\u0644 \u0627\u0644\u0623\u0633\u0646\u0627\u0646 \u0627\u0644\u0645\u0641\u0642\u0648\u062f\u0629 \u0628\u0632\u0631\u0627\u0639\u0627\u062a \u0645\u0635\u0646\u0648\u0639\u0629 \u0645\u0646 \u0627\u0644\u062a\u064a\u062a\u0627\u0646\u064a\u0648\u0645\u060c \u062a\u064f\u0632\u0631\u0639 \u0641\u064a \u0639\u0638\u0645 \u0627\u0644\u0641\u0643 \u0644\u062a\u0643\u0648\u064a\u0646 \u0628\u0646\u064a\u0629 \u062a\u064f\u0634\u0628\u0647 \u0627\u0644\u0633\u0646 \u0627\u0644\u0637\u0628\u064a\u0639\u064a \u0625\u0644\u0649 \u062d\u062f \u0643\u0628\u064a\u0631. \u064a\u0648\u0641\u0631 \u0647\u0630\u0627 \u0627\u0644\u0639\u0644\u0627\u062c \u062a\u0639\u0648\u064a\u0636\u0627\u064b \u0648\u0638\u064a\u0641\u064a\u0627\u064b \u0648\u062c\u0645\u0627\u0644\u064a\u0627\u064b \u0644\u0644\u0623\u0633\u0646\u0627\u0646 \u0627\u0644\u0645\u0641\u0642\u0648\u062f\u0629.<\/li>\n<li><strong>\u0627\u0633\u062a\u0626\u0635\u0627\u0644 \u0637\u0631\u0641 \u0627\u0644\u062c\u0630\u0631:<\/strong> \u064a\u062a\u0636\u0645\u0646 \u0647\u0630\u0627 \u0627\u0644\u0625\u062c\u0631\u0627\u0621 \u0625\u0632\u0627\u0644\u0629 \u0627\u0644\u062c\u0632\u0621 \u0627\u0644\u0645\u0635\u0627\u0628 \u0645\u0646 \u062c\u0630\u0631 \u0627\u0644\u0633\u0646 \u0644\u0645\u0646\u0639 \u0627\u0646\u062a\u0634\u0627\u0631 \u0627\u0644\u0639\u062f\u0648\u0649.<\/li>\n<li><strong>\u062e\u0644\u0639 \u0648\u0643\u0633\u0648\u0631 \u0627\u0644\u0641\u0643:<\/strong> \u062a\u064f\u0639\u0627\u0644\u062c \u062d\u0627\u0644\u0627\u062a \u062e\u0644\u0639 \u0648\u0643\u0633\u0648\u0631 \u0627\u0644\u0645\u0641\u0635\u0644 \u0627\u0644\u0635\u062f\u063a\u064a \u0627\u0644\u0641\u0643\u064a \u0623\u0648 \u0639\u0638\u0627\u0645\u0647 \u0636\u0645\u0646 \u0646\u0637\u0627\u0642 \u062c\u0631\u0627\u062d\u0629 \u0627\u0644\u0641\u0645. \u0648\u062a\u0647\u062f\u0641 \u0647\u0630\u0647 \u0627\u0644\u0625\u062c\u0631\u0627\u0621\u0627\u062a \u0625\u0644\u0649 \u0627\u0633\u062a\u0639\u0627\u062f\u0629 \u0628\u0646\u064a\u0629 \u0627\u0644\u0641\u0643 \u0625\u0644\u0649 \u0648\u0638\u064a\u0641\u062a\u0647\u0627 \u0627\u0644\u0637\u0628\u064a\u0639\u064a\u0629.<\/li>\n<li><strong>\u062c\u0631\u0627\u062d\u0627\u062a \u0623\u0643\u064a\u0627\u0633 \u0648\u0623\u0648\u0631\u0627\u0645 \u0627\u0644\u0641\u0643:<\/strong> \u062a\u062a\u0645 \u0625\u0632\u0627\u0644\u0629 \u0627\u0644\u0623\u0643\u064a\u0627\u0633 \u0648\u0627\u0644\u0623\u0648\u0631\u0627\u0645 \u0627\u0644\u062a\u064a \u062a\u062a\u0634\u0643\u0644 \u0641\u064a \u0645\u0646\u0637\u0642\u0629 \u0627\u0644\u0641\u0643 \u062c\u0631\u0627\u062d\u064a\u0627\u064b \u0639\u0646\u062f \u0627\u0644\u0636\u0631\u0648\u0631\u0629\u060c \u0648\u0628\u0627\u0644\u062a\u0627\u0644\u064a \u0627\u0644\u062d\u0641\u0627\u0638 \u0639\u0644\u0649 \u0635\u062d\u0629 \u0627\u0644\u0645\u0631\u064a\u0636.<\/li>\n<\/ol>\n<p>\u062a\u064f\u0642\u062f\u0651\u0645 \u062c\u0631\u0627\u062d\u0629 \u0627\u0644\u0641\u0645 \u0648\u0627\u0644\u0648\u062c\u0647 \u0648\u0627\u0644\u0641\u0643\u064a\u0646 \u0639\u0644\u0627\u062c\u064b\u0627 \u0622\u0645\u0646\u064b\u0627 \u0644\u0644\u0645\u0631\u0636\u0649 \u0637\u0648\u0627\u0644 \u0641\u062a\u0631\u0629 \u0627\u0644\u0639\u0644\u0627\u062c\u060c \u0648\u0630\u0644\u0643 \u0641\u064a \u0628\u064a\u0626\u0629 \u0645\u0639\u0642\u0645\u0629\u060c \u0648\u0639\u0644\u0649 \u0623\u064a\u062f\u064a \u062c\u0631\u0627\u062d\u064a\u0646 \u0630\u0648\u064a \u062e\u0628\u0631\u0629\u060c \u0648\u0628\u0627\u0633\u062a\u062e\u062f\u0627\u0645 \u062a\u0642\u0646\u064a\u0627\u062a \u062c\u0631\u0627\u062d\u064a\u0629 \u0645\u0646\u0627\u0633\u0628\u0629. \u062a\u064f\u0633\u0627\u0639\u062f \u0647\u0630\u0647 \u0627\u0644\u0623\u0633\u0627\u0644\u064a\u0628 \u0627\u0644\u0639\u0644\u0627\u062c\u064a\u0629 \u0639\u0644\u0649 \u0627\u0633\u062a\u0639\u0627\u062f\u0629 \u0627\u0644\u0648\u0638\u0627\u0626\u0641 \u0627\u0644\u0637\u0628\u064a\u0639\u064a\u0629 \u0644\u0644\u0648\u062c\u0647 \u0648\u0628\u0646\u064a\u0629 \u0627\u0644\u0641\u0643\u060c \u0645\u0645\u0627 \u064a\u064f\u0639\u0632\u0632 \u0627\u0644\u0645\u0638\u0647\u0631 \u0627\u0644\u062c\u0645\u0627\u0644\u064a \u0648\u064a\u062d\u0627\u0641\u0638 \u0639\u0644\u0649 \u0627\u0644\u0635\u062d\u0629 \u0627\u0644\u0639\u0627\u0645\u0629 \u0644\u0644\u0645\u0631\u064a\u0636.<\/p>","protected":false},"excerpt":{"rendered":"<p>A\u011f\u0131z ve \u00c7ene Cerrahisi: Tedavi Alanlar\u0131 ve Uygulamalar A\u011f\u0131z ve \u00c7ene Cerrahisi, a\u011f\u0131z, \u00e7ene ve y\u00fcz b\u00f6lgesindeki sert ve yumu\u015fak dokular\u0131n fonksiyonel ve estetik a\u00e7\u0131dan d\u00fczeltilmesi ve sa\u011fl\u0131\u011f\u0131n\u0131n korunmas\u0131n\u0131 ama\u00e7layan bir di\u015f hekimli\u011fi bran\u015f\u0131d\u0131r. Bu alan, a\u011f\u0131z ve \u00e7ene yap\u0131s\u0131nda meydana gelen bozukluklar\u0131n, hastal\u0131klar\u0131n ve yaralanmalar\u0131n cerrahi y\u00f6ntemlerle tedavi edilmesiyle ilgilenir. Cerrahi m\u00fcdahaleler, hem hastan\u0131n [&hellip;]<\/p>","protected":false},"author":1,"featured_media":0,"parent":0,"menu_order":0,"comment_status":"closed","ping_status":"closed","template":"","meta":{"footnotes":""},"class_list":["post-27819","page","type-page","status-publish","hentry"],"_links":{"self":[{"href":"https:\/\/rylclinic.com\/ar\/wp-json\/wp\/v2\/pages\/27819","targetHints":{"allow":["GET"]}}],"collection":[{"href":"https:\/\/rylclinic.com\/ar\/wp-json\/wp\/v2\/pages"}],"about":[{"href":"https:\/\/rylclinic.com\/ar\/wp-json\/wp\/v2\/types\/page"}],"author":[{"embeddable":true,"href":"https:\/\/rylclinic.com\/ar\/wp-json\/wp\/v2\/users\/1"}],"replies":[{"embeddable":true,"href":"https:\/\/rylclinic.com\/ar\/wp-json\/wp\/v2\/comments?post=27819"}],"version-history":[{"count":1,"href":"https:\/\/rylclinic.com\/ar\/wp-json\/wp\/v2\/pages\/27819\/revisions"}],"predecessor-version":[{"id":27820,"href":"https:\/\/rylclinic.com\/ar\/wp-json\/wp\/v2\/pages\/27819\/revisions\/27820"}],"wp:attachment":[{"href":"https:\/\/rylclinic.com\/ar\/wp-json\/wp\/v2\/media?parent=27819"}],"curies":[{"name":"wp","href":"https:\/\/api.w.org\/{rel}","templated":true}]}}