{"id":27815,"date":"2024-10-26T15:54:58","date_gmt":"2024-10-26T15:54:58","guid":{"rendered":"https:\/\/rylclinic.com\/?page_id=27815"},"modified":"2024-10-26T15:54:58","modified_gmt":"2024-10-26T15:54:58","slug":"periyodik-dis-bakimi","status":"publish","type":"page","link":"https:\/\/rylclinic.com\/ar\/periyodik-dis-bakimi\/","title":{"rendered":"\u0627\u0644\u0639\u0646\u0627\u064a\u0629 \u0627\u0644\u062f\u0648\u0631\u064a\u0629 \u0628\u0627\u0644\u0623\u0633\u0646\u0627\u0646"},"content":{"rendered":"<p><strong>\u0623\u0647\u0645\u064a\u0629 \u0627\u0644\u0641\u062d\u0648\u0635\u0627\u062a \u0627\u0644\u062f\u0648\u0631\u064a\u0629 \u0644\u0644\u0623\u0633\u0646\u0627\u0646<\/strong><\/p>\n<p>\u064a\u062a\u0637\u0644\u0628 \u0627\u0644\u062d\u0641\u0627\u0638 \u0639\u0644\u0649 \u0635\u062d\u0629 \u0627\u0644\u0641\u0645 \u0648\u0627\u0644\u0623\u0633\u0646\u0627\u0646 \u0632\u064a\u0627\u0631\u0627\u062a \u0645\u0646\u062a\u0638\u0645\u0629 \u0644\u0637\u0628\u064a\u0628 \u0627\u0644\u0623\u0633\u0646\u0627\u0646. \u0645\u0646 \u0627\u0644\u0623\u0641\u0636\u0644 \u0623\u0646 \u064a\u062e\u0636\u0639 \u0643\u0644 \u0634\u062e\u0635 \u0644\u0641\u062d\u0635 \u062f\u0648\u0631\u064a \u0644\u0644\u0623\u0633\u0646\u0627\u0646 \u0643\u0644 \u0633\u062a\u0629 \u0623\u0634\u0647\u0631. \u062a\u062a\u064a\u062d \u0647\u0630\u0647 \u0627\u0644\u0641\u062d\u0648\u0635\u0627\u062a \u0627\u0644\u062f\u0648\u0631\u064a\u0629 \u0627\u0644\u0643\u0634\u0641 \u0627\u0644\u0645\u0628\u0643\u0631 \u0639\u0646 \u0623\u064a \u0645\u0634\u0627\u0643\u0644 \u0645\u062d\u062a\u0645\u0644\u0629 \u0641\u064a \u0635\u062d\u0629 \u0627\u0644\u0641\u0645\u060c \u0645\u0645\u0627 \u064a\u064f\u0645\u0643\u0651\u0646 \u0645\u0646 \u0627\u062a\u062e\u0627\u0630 \u0627\u0644\u0639\u0644\u0627\u062c\u0627\u062a \u0627\u0644\u0648\u0642\u0627\u0626\u064a\u0629 \u0627\u0644\u0644\u0627\u0632\u0645\u0629 \u0644\u0645\u0646\u0639 \u062a\u0641\u0627\u0642\u0645\u0647\u0627.<\/p>\n<p>\u064a\u064f\u0639\u062f\u0651 \u062a\u062c\u0648\u064a\u0641 \u0627\u0644\u0641\u0645 \u0628\u064a\u0626\u0629\u064b \u0646\u0634\u0637\u0629\u064b \u0628\u0627\u0633\u062a\u0645\u0631\u0627\u0631 \u0644\u0644\u0628\u0643\u062a\u064a\u0631\u064a\u0627\u060c \u0648\u064a\u062a\u0632\u0627\u064a\u062f \u0647\u0630\u0627 \u0627\u0644\u0646\u0634\u0627\u0637 \u0639\u0644\u0649 \u0645\u062f\u0627\u0631 \u0627\u0644\u064a\u0648\u0645 \u0628\u0641\u0639\u0644 \u0639\u0648\u0627\u0645\u0644 \u0645\u062b\u0644 \u062a\u0646\u0627\u0648\u0644 \u0627\u0644\u0637\u0639\u0627\u0645 \u0648\u0627\u0644\u0634\u0631\u0627\u0628. \u0648\u0631\u063a\u0645 \u0623\u0646 \u062a\u0646\u0638\u064a\u0641 \u0627\u0644\u0623\u0633\u0646\u0627\u0646 \u0628\u0627\u0644\u0641\u0631\u0634\u0627\u0629 \u0645\u0631\u062a\u064a\u0646 \u064a\u0648\u0645\u064a\u064b\u0627 \u0625\u062c\u0631\u0627\u0621 \u0648\u0642\u0627\u0626\u064a \u0647\u0627\u0645\u060c \u0625\u0644\u0627 \u0623\u0646 \u0647\u0630\u0627 \u0627\u0644\u0646\u0634\u0627\u0637 \u0627\u0644\u0628\u0643\u062a\u064a\u0631\u064a \u064a\u0633\u062a\u0645\u0631 \u0639\u0644\u0649 \u0645\u062f\u0627\u0631 \u0627\u0644\u0633\u0627\u0639\u0629. \u0644\u0630\u0627\u060c \u0641\u0625\u0646 \u0632\u064a\u0627\u0631\u0629 \u0637\u0628\u064a\u0628 \u0627\u0644\u0623\u0633\u0646\u0627\u0646 \u0628\u0627\u0646\u062a\u0638\u0627\u0645 \u062a\u064f\u0633\u0627\u0639\u062f \u0639\u0644\u0649 \u0627\u0643\u062a\u0634\u0627\u0641 \u0645\u0634\u0627\u0643\u0644 \u0627\u0644\u0644\u062b\u0629 \u0648\u0627\u0644\u062a\u0633\u0648\u0633 \u0648\u063a\u064a\u0631\u0647\u0627 \u0645\u0646 \u0645\u0634\u0627\u0643\u0644 \u0635\u062d\u0629 \u0627\u0644\u0641\u0645 \u0641\u064a \u0645\u0631\u0627\u062d\u0644\u0647\u0627 \u0627\u0644\u0645\u0628\u0643\u0631\u0629.<\/p>\n<p><strong>\u0641\u0648\u0627\u0626\u062f \u0627\u0644\u0641\u062d\u0648\u0635\u0627\u062a \u0627\u0644\u0637\u0628\u064a\u0629 \u0627\u0644\u062f\u0648\u0631\u064a\u0629<\/strong><\/p>\n<p>\u064a\u064f\u062a\u064a\u062d \u0627\u0644\u0643\u0634\u0641 \u0627\u0644\u0645\u0628\u0643\u0631 \u0645\u0639\u0627\u0644\u062c\u0629 \u0645\u0634\u0627\u0643\u0644 \u0645\u062b\u0644 \u062a\u0633\u0648\u0633 \u0627\u0644\u0623\u0633\u0646\u0627\u0646 \u0628\u062d\u0634\u0648\u0629 \u0628\u0633\u064a\u0637\u0629 \u0642\u0628\u0644 \u062a\u0641\u0627\u0642\u0645\u0647\u0627\u060c \u0645\u0645\u0627 \u064a\u062c\u0646\u0651\u0628 \u0627\u0644\u0645\u0631\u064a\u0636 \u0625\u062c\u0631\u0627\u0621\u0627\u062a \u0639\u0644\u0627\u062c\u064a\u0629 \u0623\u0643\u062b\u0631 \u062a\u0643\u0644\u0641\u0629 \u0648\u062a\u0639\u0642\u064a\u062f\u064b\u0627. \u0641\u0639\u0644\u0649 \u0633\u0628\u064a\u0644 \u0627\u0644\u0645\u062b\u0627\u0644\u060c \u0625\u0630\u0627 \u0644\u0645 \u062a\u064f\u062c\u0631\u064e \u0641\u062d\u0648\u0635\u0627\u062a \u062f\u0648\u0631\u064a\u0629\u060c \u0641\u0642\u062f \u064a\u062a\u0637\u0648\u0631 \u0627\u0644\u062a\u0633\u0648\u0633 \u0627\u0644\u0630\u064a \u064a\u064f\u0645\u0643\u0646 \u0639\u0644\u0627\u062c\u0647 \u0628\u062d\u0634\u0648\u0629 \u0628\u0633\u064a\u0637\u0629 \u0648\u064a\u062d\u062a\u0627\u062c \u0625\u0644\u0649 \u0639\u0644\u0627\u062c \u0642\u0646\u0627\u0629 \u0627\u0644\u062c\u0630\u0631 \u0623\u0648 \u062e\u0644\u0639 \u0627\u0644\u0633\u0646. \u0648\u0641\u064a \u062d\u0627\u0644 \u0641\u0642\u062f\u0627\u0646 \u0627\u0644\u0633\u0646\u060c \u0642\u062f \u064a\u0644\u0632\u0645 \u0627\u0644\u0644\u062c\u0648\u0621 \u0625\u0644\u0649 \u0639\u0644\u0627\u062c\u0627\u062a \u0623\u0643\u062b\u0631 \u0634\u0645\u0648\u0644\u064b\u0627 \u0645\u062b\u0644 \u0632\u0631\u0627\u0639\u0629 \u0627\u0644\u0623\u0633\u0646\u0627\u0646.<\/p>\n<p><strong>\u0627\u0644\u0639\u0644\u0627\u0642\u0629 \u0628\u064a\u0646 \u0627\u0644\u0644\u062b\u0629 \u0648\u0627\u0644\u0635\u062d\u0629 \u0627\u0644\u0639\u0627\u0645\u0629<\/strong><\/p>\n<p>\u0645\u0634\u0627\u0643\u0644 \u0627\u0644\u0644\u062b\u0629\u060c \u0625\u0630\u0627 \u0623\u064f\u0647\u0645\u0644\u062a\u060c \u0642\u062f \u062a\u0624\u062f\u064a \u0625\u0644\u0649 \u062c\u0631\u0627\u062d\u0627\u062a \u0623\u0643\u062b\u0631 \u062e\u0637\u0648\u0631\u0629 \u0648\u0641\u0642\u062f\u0627\u0646 \u062f\u0627\u0626\u0645 \u0644\u0644\u0623\u0633\u0646\u0627\u0646. \u0641\u064a \u062d\u064a\u0646 \u0623\u0646 \u0645\u0634\u0627\u0643\u0644 \u0645\u062b\u0644 \u0627\u0646\u062d\u0633\u0627\u0631 \u0627\u0644\u0644\u062b\u0629\u060c \u0648\u062a\u0631\u0627\u0643\u0645 \u0627\u0644\u062c\u064a\u0631\u060c \u0623\u0648 \u0641\u0642\u062f\u0627\u0646 \u0627\u0644\u0639\u0638\u0627\u0645 \u064a\u0645\u0643\u0646 \u062d\u0644\u0647\u0627 \u0645\u0628\u062f\u0626\u064a\u064b\u0627 \u0628\u0625\u062c\u0631\u0627\u0621\u0627\u062a \u0628\u0633\u064a\u0637\u0629 \u0645\u062b\u0644 \u0625\u0632\u0627\u0644\u0629 \u0627\u0644\u062c\u064a\u0631 \u0639\u0644\u0649 \u064a\u062f \u0645\u062a\u062e\u0635\u0635\u060c \u0625\u0644\u0627 \u0623\u0646 \u0627\u0644\u0645\u0631\u0627\u062d\u0644 \u0627\u0644\u0645\u062a\u0642\u062f\u0645\u0629 \u0642\u062f \u062a\u062a\u0637\u0644\u0628 \u062a\u062f\u062e\u0644\u064b\u0627 \u062c\u0631\u0627\u062d\u064a\u064b\u0627 \u0648\u0627\u0633\u0639 \u0627\u0644\u0646\u0637\u0627\u0642. \u064a\u0645\u0643\u0646 \u0623\u0646 \u062a\u0624\u062b\u0631 \u0627\u0644\u062a\u0647\u0627\u0628\u0627\u062a \u0627\u0644\u0641\u0645 \u0639\u0644\u0649 \u0627\u0644\u062c\u0633\u0645 \u0628\u0623\u0643\u0645\u0644\u0647 \u0648\u062a\u0624\u062f\u064a \u0625\u0644\u0649 \u0623\u0645\u0631\u0627\u0636 \u0645\u062b\u0644 \u0623\u0645\u0631\u0627\u0636 \u0627\u0644\u0642\u0644\u0628 \u0648\u0627\u0644\u0633\u0643\u0631\u064a.<\/p>\n<p><strong>\u062d\u0627\u0641\u0638 \u0639\u0644\u0649 \u0635\u062d\u062a\u0643 \u0645\u0646 \u062e\u0644\u0627\u0644 \u0627\u0644\u0639\u0644\u0627\u062c\u0627\u062a \u0627\u0644\u0648\u0642\u0627\u0626\u064a\u0629.<\/strong><\/p>\n<p>\u064a\u064f\u0639\u062f\u0651 \u0639\u0644\u0627\u062c \u0645\u0634\u0627\u0643\u0644 \u0635\u062d\u0629 \u0627\u0644\u0641\u0645 \u0648\u0627\u0644\u0623\u0633\u0646\u0627\u0646 \u0641\u064a \u0645\u0631\u0627\u062d\u0644\u0647\u0627 \u0627\u0644\u0645\u0628\u0643\u0631\u0629 \u0628\u062a\u062f\u062e\u0644\u0627\u062a \u0628\u0633\u064a\u0637\u0629 \u0623\u0643\u062b\u0631 \u0627\u0642\u062a\u0635\u0627\u062f\u064a\u0629 \u0648\u0623\u0642\u0644 \u062a\u0639\u0642\u064a\u062f\u064b\u0627. \u0641\u0627\u0644\u0639\u0644\u0627\u062c\u0627\u062a \u0627\u0644\u0648\u0642\u0627\u0626\u064a\u0629 \u062a\u0645\u0646\u0639 \u062a\u0641\u0627\u0642\u0645 \u0647\u0630\u0647 \u0627\u0644\u0645\u0634\u0627\u0643\u0644. \u0644\u0630\u0627\u060c \u062a\u064f\u0639\u062a\u0628\u0631 \u0627\u0644\u0632\u064a\u0627\u0631\u0627\u062a \u0627\u0644\u0645\u0646\u062a\u0638\u0645\u0629 \u0644\u0637\u0628\u064a\u0628 \u0627\u0644\u0623\u0633\u0646\u0627\u0646 \u0645\u0646 \u0623\u0643\u062b\u0631 \u0627\u0644\u0637\u0631\u0642 \u0641\u0639\u0627\u0644\u064a\u0629 \u0644\u0644\u062d\u0641\u0627\u0638 \u0639\u0644\u0649 \u0635\u062d\u062a\u0643.<\/p>","protected":false},"excerpt":{"rendered":"<p>D\u00fczenli Di\u015f Hekimi Kontrollerinin \u00d6nemi A\u011f\u0131z ve di\u015f sa\u011fl\u0131\u011f\u0131n\u0131n korunmas\u0131 i\u00e7in di\u015f hekimine d\u00fczenli olarak gitmek \u00e7ok \u00f6nemlidir. Normal \u015fartlarda her bireyin alt\u0131 ayda bir di\u015f hekimi kontrol\u00fcnden ge\u00e7mesi gerekmektedir. Bu d\u00fczenli kontroller, a\u011f\u0131z sa\u011fl\u0131\u011f\u0131 ile ilgili ortaya \u00e7\u0131kabilecek problemlerin erken d\u00f6nemde fark edilmesini sa\u011flar ve koruyucu tedavilerle ilerlemelerinin \u00f6n\u00fcne ge\u00e7er. A\u011f\u0131z ortam\u0131, bakterilerin s\u00fcrekli [&hellip;]<\/p>","protected":false},"author":1,"featured_media":0,"parent":0,"menu_order":0,"comment_status":"closed","ping_status":"closed","template":"","meta":{"footnotes":""},"class_list":["post-27815","page","type-page","status-publish","hentry"],"_links":{"self":[{"href":"https:\/\/rylclinic.com\/ar\/wp-json\/wp\/v2\/pages\/27815","targetHints":{"allow":["GET"]}}],"collection":[{"href":"https:\/\/rylclinic.com\/ar\/wp-json\/wp\/v2\/pages"}],"about":[{"href":"https:\/\/rylclinic.com\/ar\/wp-json\/wp\/v2\/types\/page"}],"author":[{"embeddable":true,"href":"https:\/\/rylclinic.com\/ar\/wp-json\/wp\/v2\/users\/1"}],"replies":[{"embeddable":true,"href":"https:\/\/rylclinic.com\/ar\/wp-json\/wp\/v2\/comments?post=27815"}],"version-history":[{"count":1,"href":"https:\/\/rylclinic.com\/ar\/wp-json\/wp\/v2\/pages\/27815\/revisions"}],"predecessor-version":[{"id":27816,"href":"https:\/\/rylclinic.com\/ar\/wp-json\/wp\/v2\/pages\/27815\/revisions\/27816"}],"wp:attachment":[{"href":"https:\/\/rylclinic.com\/ar\/wp-json\/wp\/v2\/media?parent=27815"}],"curies":[{"name":"wp","href":"https:\/\/api.w.org\/{rel}","templated":true}]}}