{"id":27811,"date":"2024-10-26T15:41:42","date_gmt":"2024-10-26T15:41:42","guid":{"rendered":"https:\/\/rylclinic.com\/?page_id=27811"},"modified":"2024-10-26T15:41:42","modified_gmt":"2024-10-26T15:41:42","slug":"implant-tedavisi","status":"publish","type":"page","link":"https:\/\/rylclinic.com\/ar\/implant-tedavisi\/","title":{"rendered":"\u0639\u0644\u0627\u062c \u0632\u0631\u0627\u0639\u0629 \u0627\u0644\u0623\u0633\u0646\u0627\u0646"},"content":{"rendered":"<p><strong>\u0645\u0627 \u0647\u0648 \u0639\u0644\u0627\u062c \u0632\u0631\u0627\u0639\u0629 \u0627\u0644\u0623\u0633\u0646\u0627\u0646 \u0648\u0643\u064a\u0641 \u064a\u062a\u0645 \u062a\u0637\u0628\u064a\u0642\u0647\u061f<\/strong><br \/>\n\u0632\u0631\u0627\u0639\u0629 \u0627\u0644\u0623\u0633\u0646\u0627\u0646 \u0647\u064a \u0639\u0645\u0644\u064a\u0629 \u0627\u0633\u062a\u0628\u062f\u0627\u0644 \u0627\u0644\u0633\u0646 \u0627\u0644\u0645\u0641\u0642\u0648\u062f \u0628\u062c\u0630\u0631 \u0635\u0646\u0627\u0639\u064a. \u063a\u0631\u0633\u0627\u062a \u0627\u0644\u0623\u0633\u0646\u0627\u0646 \u0639\u0628\u0627\u0631\u0629 \u0639\u0646 \u0647\u064a\u0627\u0643\u0644 \u0644\u0648\u0644\u0628\u064a\u0629 \u0645\u0635\u0646\u0648\u0639\u0629 \u0645\u0646 \u0627\u0644\u062a\u064a\u062a\u0627\u0646\u064a\u0648\u0645\u060c \u0648\u0647\u0648 \u0645\u0627\u062f\u0629 \u0645\u062a\u0648\u0627\u0641\u0642\u0629 \u062d\u064a\u0648\u064a\u0627\u064b \u0645\u0639 \u062c\u0633\u0645 \u0627\u0644\u0625\u0646\u0633\u0627\u0646\u060c \u0648\u062a\u064f\u0632\u0631\u0639 \u062f\u0627\u062e\u0644 \u0639\u0638\u0645 \u0627\u0644\u0641\u0643 \u0644\u062a\u0639\u0648\u064a\u0636 \u0627\u0644\u0623\u0633\u0646\u0627\u0646 \u0627\u0644\u0645\u0641\u0642\u0648\u062f\u0629. \u0639\u064a\u0627\u062f\u062a\u0646\u0627 \u062a\u0633\u062a\u062e\u062f\u0645 \u0641\u0642\u0637 \u063a\u0631\u0633\u0627\u062a \u0645\u062a\u0648\u0627\u0641\u0642\u0629 \u062d\u064a\u0648\u064a\u0627\u064b \u0648\u0637\u0648\u064a\u0644\u0629 \u0627\u0644\u0623\u0645\u062f. \u0645\u0639 \u0627\u0644\u0639\u0646\u0627\u064a\u0629 \u0627\u0644\u0645\u0646\u0627\u0633\u0628\u0629\u060c \u064a\u0645\u0643\u0646 \u0623\u0646 \u062a\u062f\u0648\u0645 \u0627\u0644\u063a\u0631\u0633\u0627\u062a \u0645\u062f\u0649 \u0627\u0644\u062d\u064a\u0627\u0629\u060c \u062a\u0645\u0627\u0645\u0627\u064b \u0645\u062b\u0644 \u0627\u0644\u0623\u0633\u0646\u0627\u0646 \u0627\u0644\u0637\u0628\u064a\u0639\u064a\u0629.<\/p>\n<p><strong>\u0644\u0645\u0627\u0630\u0627 \u0645\u0646 \u0627\u0644\u0645\u0647\u0645 \u0627\u0644\u0628\u062f\u0621 \u0628\u0639\u0644\u0627\u062c \u0632\u0631\u0627\u0639\u0629 \u0627\u0644\u0623\u0633\u0646\u0627\u0646 \u0645\u0628\u0643\u0631\u0627\u064b\u061f<\/strong><br \/>\n\u064a\u064f\u0646\u0635\u062d \u0628\u0628\u062f\u0621 \u0639\u0644\u0627\u062c \u0632\u0631\u0627\u0639\u0629 \u0627\u0644\u0623\u0633\u0646\u0627\u0646 \u0628\u0639\u062f \u0641\u062a\u0631\u0629 \u0648\u062c\u064a\u0632\u0629 \u0645\u0646 \u0641\u0642\u062f\u0627\u0646 \u0627\u0644\u0633\u0646. \u0641\u0627\u0644\u0639\u0644\u0627\u062c \u0627\u0644\u0645\u0628\u0643\u0631 \u064a\u0645\u0646\u0639 \u0627\u0631\u062a\u0634\u0627\u0641 \u0627\u0644\u0639\u0638\u0645 \u0641\u064a \u0627\u0644\u0641\u0643\u060c \u0648\u064a\u064f\u062a\u064a\u062d \u0627\u0633\u062a\u0639\u0627\u062f\u0629 \u0627\u0644\u0623\u0633\u0646\u0627\u0646 \u0627\u0644\u0633\u0644\u064a\u0645\u0629 \u0628\u0633\u0631\u0639\u0629 \u0623\u0643\u0628\u0631. \u0623\u0645\u0627 \u0641\u064a \u0627\u0644\u0645\u0631\u0636\u0649 \u0627\u0644\u0630\u064a\u0646 \u064a\u0639\u0627\u0646\u0648\u0646 \u0645\u0646 \u0646\u0642\u0635 \u0641\u064a \u062f\u0639\u0645 \u0627\u0644\u0639\u0638\u0645\u060c \u0641\u064a\u062a\u0645 \u062a\u0642\u0648\u064a\u0629 \u0628\u0646\u064a\u0629 \u0627\u0644\u0639\u0638\u0645 \u0639\u0646 \u0637\u0631\u064a\u0642 \u0627\u0644\u062a\u0637\u0639\u064a\u0645\u061b \u0648\u0628\u0627\u0644\u062a\u0627\u0644\u064a\u060c \u064a\u0645\u0643\u0646 \u0644\u0644\u0645\u0631\u0636\u0649 \u0627\u0644\u0630\u064a\u0646 \u064a\u0639\u0627\u0646\u0648\u0646 \u0645\u0646 \u0641\u0642\u062f\u0627\u0646 \u0627\u0644\u0639\u0638\u0645 \u0627\u0644\u0627\u0633\u062a\u0641\u0627\u062f\u0629 \u0623\u064a\u0636\u0627\u064b \u0645\u0646 \u0639\u0644\u0627\u062c \u0632\u0631\u0627\u0639\u0629 \u0627\u0644\u0623\u0633\u0646\u0627\u0646.<\/p>\n<p><strong>\u0633\u0647\u0648\u0644\u0629 \u0648\u0631\u0627\u062d\u0629 \u0639\u0644\u0627\u062c \u0632\u0631\u0627\u0639\u0629 \u0627\u0644\u0623\u0633\u0646\u0627\u0646<\/strong><br \/>\n\u0628\u0641\u0636\u0644 \u0627\u0644\u062a\u0643\u0646\u0648\u0644\u0648\u062c\u064a\u0627 \u0627\u0644\u0645\u062a\u0642\u062f\u0645\u0629\u060c \u0623\u0635\u0628\u062d \u0639\u0644\u0627\u062c \u0632\u0631\u0627\u0639\u0629 \u0627\u0644\u0623\u0633\u0646\u0627\u0646 \u0628\u0633\u064a\u0637\u064b\u0627 \u0648\u0645\u0631\u064a\u062d\u064b\u0627 \u0628\u0634\u0643\u0644\u064d \u0645\u062f\u0647\u0634. \u0628\u0639\u062f \u062e\u0644\u0639 \u0627\u0644\u0633\u0646\u060c \u062a\u0643\u062a\u0645\u0644 \u0639\u0645\u0644\u064a\u0629 \u0632\u0631\u0627\u0639\u0629 \u0627\u0644\u0623\u0633\u0646\u0627\u0646 \u0628\u0639\u062f \u062d\u0648\u0627\u0644\u064a \u0633\u062a\u0629 \u0623\u0633\u0627\u0628\u064a\u0639 \u0645\u0646 \u0627\u0644\u062a\u0639\u0627\u0641\u064a. \u0623\u0645\u0627 \u0628\u0627\u0644\u0646\u0633\u0628\u0629 \u0644\u0644\u0645\u0631\u0636\u0649 \u0627\u0644\u0630\u064a\u0646 \u0633\u0628\u0642 \u0644\u0647\u0645 \u062e\u0644\u0639 \u0623\u0633\u0646\u0627\u0646\u060c \u0641\u064a\u0645\u0643\u0646 \u062a\u0642\u0644\u064a\u0635 \u0645\u062f\u0629 \u0627\u0644\u0639\u0644\u0627\u062c \u0625\u0644\u0649 \u062b\u0644\u0627\u062b\u0629 \u0623\u0648 \u0623\u0631\u0628\u0639\u0629 \u0623\u0633\u0627\u0628\u064a\u0639 \u0641\u0642\u0637 \u0628\u0641\u0636\u0644 \u0627\u0644\u063a\u0631\u0633\u0627\u062a \u0627\u0644\u0645\u062a\u0648\u0627\u0641\u0642\u0629 \u062d\u064a\u0648\u064a\u064b\u0627 \u0627\u0644\u0645\u0633\u062a\u062e\u062f\u0645\u0629 \u0641\u064a \u0639\u064a\u0627\u062f\u062a\u0646\u0627.<\/p>\n<p><strong>\u0623\u0647\u0645\u064a\u0629 \u0627\u0644\u0639\u0644\u0627\u0645\u0627\u062a \u0627\u0644\u062a\u062c\u0627\u0631\u064a\u0629 \u0639\u0627\u0644\u064a\u0629 \u0627\u0644\u062c\u0648\u062f\u0629 \u0644\u0632\u0631\u0627\u0639\u0629 \u0627\u0644\u0623\u0633\u0646\u0627\u0646<\/strong><br \/>\n\u062a\u0633\u062a\u062e\u062f\u0645 \u0639\u064a\u0627\u062f\u062a\u0646\u0627 \u0639\u0644\u0627\u0645\u0627\u062a \u062a\u062c\u0627\u0631\u064a\u0629 \u0645\u0639\u062a\u0645\u062f\u0629 \u0645\u0646 \u0625\u062f\u0627\u0631\u0629 \u0627\u0644\u063a\u0630\u0627\u0621 \u0648\u0627\u0644\u062f\u0648\u0627\u0621 \u0627\u0644\u0623\u0645\u0631\u064a\u0643\u064a\u0629 (FDA) \u0648\u062d\u0627\u0635\u0644\u0629 \u0639\u0644\u0649 \u0634\u0647\u0627\u062f\u0629 \u0627\u0644\u0645\u0637\u0627\u0628\u0642\u0629 \u0627\u0644\u0623\u0648\u0631\u0648\u0628\u064a\u0629 (CE) \u0644\u0632\u0631\u0627\u0639\u0629 \u0627\u0644\u0623\u0633\u0646\u0627\u0646\u060c \u0648\u0647\u064a \u0639\u0644\u0627\u0645\u0627\u062a \u062a\u062c\u0627\u0631\u064a\u0629 \u0645\u0648\u062b\u0648\u0642\u0629 \u0641\u064a \u0647\u0630\u0627 \u0627\u0644\u0645\u062c\u0627\u0644 \u0645\u0646\u0630 \u0633\u0646\u0648\u0627\u062a \u0639\u062f\u064a\u062f\u0629. \u0645\u0639 \u0623\u0646 \u0627\u0644\u0639\u062f\u064a\u062f \u0645\u0646 \u0627\u0644\u0639\u0644\u0627\u0645\u0627\u062a \u0627\u0644\u062a\u062c\u0627\u0631\u064a\u0629 \u0644\u0632\u0631\u0627\u0639\u0629 \u0627\u0644\u0623\u0633\u0646\u0627\u0646 \u0645\u062a\u0648\u0641\u0631\u0629 \u0641\u064a \u062a\u0631\u0643\u064a\u0627\u060c \u0625\u0644\u0627 \u0623\u0646 \u0627\u0644\u0642\u0644\u064a\u0644 \u0645\u0646\u0647\u0627 \u0641\u0642\u0637 \u064a\u062a\u0645\u062a\u0639 \u0628\u0636\u0645\u0627\u0646 \u0627\u0633\u062a\u0645\u0631\u0627\u0631\u064a\u0629 \u0627\u0644\u0639\u0645\u0644 \u0644\u0623\u0643\u062b\u0631 \u0645\u0646 \u0639\u0634\u0631 \u0633\u0646\u0648\u0627\u062a. \u062a\u0636\u0645\u0646 \u0639\u064a\u0627\u062f\u062a\u0646\u0627 \u0645\u0648\u062b\u0648\u0642\u064a\u0629 \u0627\u0644\u0639\u0644\u0627\u0645\u0629 \u0627\u0644\u062a\u062c\u0627\u0631\u064a\u0629 \u0644\u0632\u0631\u0627\u0639\u0629 \u0627\u0644\u0623\u0633\u0646\u0627\u0646 \u0648\u0637\u0648\u0644 \u0639\u0645\u0631\u0647\u0627 \u0645\u0646 \u062e\u0644\u0627\u0644 \u062a\u0632\u0648\u064a\u062f \u0645\u0631\u0636\u0627\u0646\u0627 \u0628\u0634\u0647\u0627\u062f\u0627\u062a \u0636\u0645\u0627\u0646 \u0645\u062f\u0649 \u0627\u0644\u062d\u064a\u0627\u0629.<\/p>\n<p><strong>\u0645\u0627 \u0647\u064a \u0627\u0644\u0639\u0648\u0627\u0645\u0644 \u0627\u0644\u062a\u064a \u062a\u0624\u062b\u0631 \u0639\u0644\u0649 \u0623\u0633\u0639\u0627\u0631 \u0632\u0631\u0627\u0639\u0629 \u0627\u0644\u0623\u0633\u0646\u0627\u0646\u061f<\/strong><br \/>\n\u062a\u062e\u062a\u0644\u0641 \u0623\u0633\u0639\u0627\u0631 \u0632\u0631\u0627\u0639\u0629 \u0627\u0644\u0623\u0633\u0646\u0627\u0646 \u0628\u0627\u062e\u062a\u0644\u0627\u0641 \u0646\u0648\u0639 \u0627\u0644\u0632\u0631\u0639\u0629 \u0627\u0644\u0645\u062e\u062a\u0627\u0631\u0629 \u0648\u0645\u0633\u062a\u0648\u0649 \u062e\u0628\u0631\u0629 \u0627\u0644\u062c\u0631\u0627\u062d. \u0644\u0630\u0627\u060c \u0641\u0628\u0627\u0644\u0625\u0636\u0627\u0641\u0629 \u0625\u0644\u0649 \u062c\u0648\u062f\u0629 \u0627\u0644\u0632\u0631\u0639\u0627\u062a\u060c \u062a\u064f\u0639\u062f \u062e\u0628\u0631\u0629 \u0627\u0644\u062c\u0631\u0627\u062d \u0627\u0644\u0630\u064a \u064a\u064f\u062c\u0631\u064a \u0627\u0644\u0639\u0645\u0644\u064a\u0629 \u0639\u0627\u0645\u0644\u0627\u064b \u0645\u0647\u0645\u0627\u064b \u064a\u0624\u062b\u0631 \u0639\u0644\u0649 \u062a\u0643\u0644\u0641\u0629 \u0627\u0644\u0639\u0644\u0627\u062c.<\/p>","protected":false},"excerpt":{"rendered":"<p>\u0130mplant Tedavisi Nedir ve Nas\u0131l Uygulan\u0131r? \u0130mplant tedavisi, kaybedilen di\u015fin yerine yapay di\u015f k\u00f6k\u00fcn\u00fcn konulmas\u0131 i\u015flemidir. Di\u015f implantlar\u0131, eksik di\u015flerin yerine \u00e7ene kemi\u011fi i\u00e7erisine yerle\u015ftirilen, insan v\u00fccuduyla uyumlu titanyumdan yap\u0131lm\u0131\u015f vida benzeri yap\u0131lard\u0131r. Klini\u011fimizde yaln\u0131zca doku dostu, uzun \u00f6m\u00fcrl\u00fc implantlar kullan\u0131lmaktad\u0131r. \u0130yi bir bak\u0131m ile implantlar do\u011fal di\u015fler gibi \u00f6m\u00fcr boyu kullan\u0131labilir. \u0130mplant Tedavisine Erken [&hellip;]<\/p>","protected":false},"author":1,"featured_media":0,"parent":0,"menu_order":0,"comment_status":"closed","ping_status":"closed","template":"","meta":{"footnotes":""},"class_list":["post-27811","page","type-page","status-publish","hentry"],"_links":{"self":[{"href":"https:\/\/rylclinic.com\/ar\/wp-json\/wp\/v2\/pages\/27811","targetHints":{"allow":["GET"]}}],"collection":[{"href":"https:\/\/rylclinic.com\/ar\/wp-json\/wp\/v2\/pages"}],"about":[{"href":"https:\/\/rylclinic.com\/ar\/wp-json\/wp\/v2\/types\/page"}],"author":[{"embeddable":true,"href":"https:\/\/rylclinic.com\/ar\/wp-json\/wp\/v2\/users\/1"}],"replies":[{"embeddable":true,"href":"https:\/\/rylclinic.com\/ar\/wp-json\/wp\/v2\/comments?post=27811"}],"version-history":[{"count":1,"href":"https:\/\/rylclinic.com\/ar\/wp-json\/wp\/v2\/pages\/27811\/revisions"}],"predecessor-version":[{"id":27812,"href":"https:\/\/rylclinic.com\/ar\/wp-json\/wp\/v2\/pages\/27811\/revisions\/27812"}],"wp:attachment":[{"href":"https:\/\/rylclinic.com\/ar\/wp-json\/wp\/v2\/media?parent=27811"}],"curies":[{"name":"wp","href":"https:\/\/api.w.org\/{rel}","templated":true}]}}