{"id":27807,"date":"2024-10-26T15:31:47","date_gmt":"2024-10-26T15:31:47","guid":{"rendered":"https:\/\/rylclinic.com\/?page_id=27807"},"modified":"2024-10-26T15:31:47","modified_gmt":"2024-10-26T15:31:47","slug":"estetik-dis-hekimligi","status":"publish","type":"page","link":"https:\/\/rylclinic.com\/ar\/estetik-dis-hekimligi\/","title":{"rendered":"\u0637\u0628 \u0627\u0644\u0623\u0633\u0646\u0627\u0646 \u0627\u0644\u062a\u062c\u0645\u064a\u0644\u064a"},"content":{"rendered":"<p>\u0637\u0628 \u0627\u0644\u0623\u0633\u0646\u0627\u0646 \u0627\u0644\u062a\u062c\u0645\u064a\u0644\u064a \u0647\u0648 \u0641\u0631\u0639 \u0645\u0646 \u0637\u0628 \u0627\u0644\u0623\u0633\u0646\u0627\u0646 \u0644\u0627 \u064a\u0642\u062a\u0635\u0631 \u0639\u0644\u0649 \u062a\u062d\u0633\u064a\u0646 \u0645\u0638\u0647\u0631 \u0627\u0644\u0623\u0633\u0646\u0627\u0646 \u0641\u062d\u0633\u0628\u060c \u0628\u0644 \u064a\u0634\u0645\u0644 \u0623\u064a\u0636\u064b\u0627 \u0627\u0644\u0644\u062b\u0629 \u0648\u0648\u0638\u064a\u0641\u0629 \u0627\u0644\u0639\u0636. \u064a\u064f\u0633\u062a\u062e\u062f\u0645 \u0644\u062a\u062d\u0633\u064a\u0646 \u0628\u0646\u064a\u0629 \u0627\u0644\u0641\u0645 \u0648\u062c\u0648\u062f\u0629 \u0627\u0644\u0627\u0628\u062a\u0633\u0627\u0645\u0629\u060c \u0648\u062a\u0634\u0645\u0644 \u0647\u0630\u0647 \u0627\u0644\u0639\u0645\u0644\u064a\u0629 \u0623\u064a\u0636\u064b\u0627 \u0648\u0638\u0627\u0626\u0641 \u0627\u0644\u0623\u0633\u0646\u0627\u0646\u060c \u0645\u062b\u0644 \u0637\u0631\u064a\u0642\u0629 \u0648\u0642\u0648\u0629 \u0627\u0644\u0639\u0636. \u064a\u0647\u062a\u0645 \u0637\u0628 \u0627\u0644\u0623\u0633\u0646\u0627\u0646 \u0627\u0644\u062a\u062c\u0645\u064a\u0644\u064a \u0628\u0645\u0638\u0647\u0631 \u0648\u0648\u0638\u064a\u0641\u0629 \u0627\u0644\u0623\u0633\u0646\u0627\u0646 \u0645\u0639\u064b\u0627.<\/p>\n<p>\u0628\u064a\u0646\u0645\u0627 \u064a\u0628\u062f\u0648 \u0623\u0646 \u0627\u0644\u0647\u062f\u0641 \u0627\u0644\u0623\u0633\u0627\u0633\u064a \u0644\u0637\u0628 \u0627\u0644\u0623\u0633\u0646\u0627\u0646 \u0627\u0644\u062a\u062c\u0645\u064a\u0644\u064a \u0647\u0648 \u0627\u0644\u062d\u0635\u0648\u0644 \u0639\u0644\u0649 \u0627\u0628\u062a\u0633\u0627\u0645\u0629 \u0645\u062b\u0627\u0644\u064a\u0629\u060c \u0625\u0644\u0627 \u0623\u0646 \u0627\u0644\u0647\u062f\u0641 \u0627\u0644\u0623\u0633\u0645\u0649 \u0647\u0648 \u0627\u0633\u062a\u0639\u0627\u062f\u0629 \u0635\u062d\u0629 \u0627\u0644\u0641\u0645 \u0648\u0648\u0638\u0627\u0626\u0641\u0647 \u0627\u0644\u0637\u0628\u064a\u0639\u064a\u0629. \u0641\u0639\u0646\u062f\u0645\u0627 \u062a\u062c\u062a\u0645\u0639 \u0627\u0644\u062c\u0645\u0627\u0644\u064a\u0627\u062a \u0645\u0639 \u0635\u062d\u0629 \u0627\u0644\u0623\u0633\u0646\u0627\u0646\u060c \u062a\u0643\u0648\u0646 \u0627\u0644\u0646\u062a\u064a\u062c\u0629 \u0627\u0628\u062a\u0633\u0627\u0645\u0629 \u0637\u0628\u064a\u0639\u064a\u0629 \u0648\u0635\u062d\u064a\u0629 \u062a\u062f\u0648\u0645 \u0637\u0648\u064a\u0644\u064b\u0627. \u0641\u064a \u0639\u064a\u0627\u062f\u0629 \u062f\u0646\u062a \u0633\u0648\u0627\u062f\u064a\u060c \u0646\u0648\u0644\u064a \u0627\u0647\u062a\u0645\u0627\u0645\u064b\u0627 \u0628\u0627\u0644\u063a\u064b\u0627 \u0644\u062d\u062c\u0645 \u0648\u0634\u0643\u0644 \u0648\u0644\u0648\u0646 \u0648\u0645\u0648\u0636\u0639 \u0648\u0645\u062d\u0627\u0630\u0627\u0629 \u0627\u0644\u0623\u0633\u0646\u0627\u0646 \u0648\u0627\u0644\u0644\u062b\u0629 \u0641\u064a \u0637\u0628 \u0627\u0644\u0623\u0633\u0646\u0627\u0646 \u0627\u0644\u062a\u062c\u0645\u064a\u0644\u064a. \u0648\u0646\u0642\u062f\u0645 \u0639\u0644\u0627\u062c\u0627\u062a \u0645\u062a\u0646\u0648\u0639\u0629 \u0644\u0644\u062b\u0629\u060c \u0648\u0639\u0644\u0627\u062c\u0627\u062a \u062a\u062d\u0641\u0638\u064a\u0629\u060c \u0648\u0639\u0644\u0627\u062c\u0627\u062a \u062a\u0631\u0643\u064a\u0628\u064a\u0629 \u0644\u062a\u0635\u062d\u064a\u062d \u0627\u0644\u0623\u0633\u0646\u0627\u0646 \u0627\u0644\u0645\u0644\u062a\u0648\u064a\u0629 \u0623\u0648 \u0627\u0644\u0645\u0634\u0648\u0647\u0629\u060c \u0648\u0627\u0633\u062a\u0639\u0627\u062f\u0629 \u0628\u064a\u0627\u0636 \u0627\u0644\u0623\u0633\u0646\u0627\u0646 \u0627\u0644\u062f\u0627\u0643\u0646\u0629. \u0648\u0639\u0646\u062f \u0627\u0644\u0636\u0631\u0648\u0631\u0629\u060c \u064a\u0634\u0627\u0631\u0643 \u0623\u062e\u0635\u0627\u0626\u064a \u062a\u0642\u0648\u064a\u0645 \u0627\u0644\u0623\u0633\u0646\u0627\u0646 \u0644\u062f\u064a\u0646\u0627 \u0641\u064a \u0639\u0645\u0644\u064a\u0629 \u0627\u0644\u0639\u0644\u0627\u062c \u0644\u062a\u062d\u0642\u064a\u0642 \u0623\u0641\u0636\u0644 \u0627\u0644\u0646\u062a\u0627\u0626\u062c.<\/p>\n<p><strong>\u0641\u064a \u0623\u064a \u0627\u0644\u062d\u0627\u0644\u0627\u062a \u064a\u062a\u0645 \u062a\u0637\u0628\u064a\u0642 \u0637\u0628 \u0627\u0644\u0623\u0633\u0646\u0627\u0646 \u0627\u0644\u062a\u062c\u0645\u064a\u0644\u064a\u061f<\/strong><br \/>\n\u064a\u062a\u0645 \u062a\u0637\u0628\u064a\u0642 \u0637\u0628 \u0627\u0644\u0623\u0633\u0646\u0627\u0646 \u0627\u0644\u062a\u062c\u0645\u064a\u0644\u064a \u0639\u0644\u0649 \u0627\u0644\u0623\u0633\u0646\u0627\u0646 \u0627\u0644\u062a\u064a \u062a\u063a\u064a\u0631 \u0644\u0648\u0646\u0647\u0627 \u0644\u0623\u0633\u0628\u0627\u0628 \u0645\u062e\u062a\u0644\u0641\u0629\u060c \u0623\u0648 \u0627\u0644\u0645\u0643\u0633\u0648\u0631\u0629 \u0628\u0633\u0628\u0628 \u0627\u0644\u0635\u062f\u0645\u0627\u062a \u0623\u0648 \u0627\u0644\u062a\u0633\u0648\u0633\u060c \u0623\u0648 \u063a\u064a\u0631 \u0627\u0644\u0645\u0646\u062a\u0638\u0645\u0629 \u0623\u0648 \u0627\u0644\u0645\u0644\u062a\u0648\u064a\u0629 \u0623\u0648 \u0627\u0644\u0645\u0634\u0648\u0647\u0629\u061b \u0648\u0639\u0644\u0649 \u0645\u0634\u0627\u0643\u0644 \u0644\u0648\u0646 \u0648\u0634\u0643\u0644 \u0627\u0644\u0644\u062b\u0629\u061b \u0648\u0639\u0644\u0649 \u0627\u0644\u0623\u0633\u0646\u0627\u0646 \u0627\u0644\u0645\u0641\u0642\u0648\u062f\u0629.<\/p>\n<p><strong>\u0637\u0631\u0642 \u0639\u0644\u0627\u062c \u0637\u0628 \u0627\u0644\u0623\u0633\u0646\u0627\u0646 \u0627\u0644\u062a\u062c\u0645\u064a\u0644\u064a:<\/strong><br \/>\n\u2013 \u0645\u0648\u0627\u062f \u0627\u0644\u062d\u0634\u0648 \u0627\u0644\u062a\u062c\u0645\u064a\u0644\u064a\u0629<br \/>\n\u062a\u0628\u064a\u064a\u0636 \u0627\u0644\u0623\u0633\u0646\u0627\u0646<br \/>\n\u2013 \u062c\u0645\u0627\u0644\u064a\u0627\u062a \u0627\u0644\u0639\u0644\u0643\u0629<br \/>\n\u2013 \u0642\u0634\u0648\u0631 \u0627\u0644\u0628\u0648\u0631\u0633\u0644\u064a\u0646<br \/>\n\u2013 \u0637\u0644\u0627\u0621\u0627\u062a \u062e\u0627\u0644\u064a\u0629 \u0645\u0646 \u0627\u0644\u0645\u0639\u0627\u062f\u0646 (\u0632\u0631\u0643\u0648\u0646\u064a\u0648\u0645 \u0623\u0648 \u0625\u0645\u0628\u0631\u0627\u0637\u0648\u0631\u0629)<br \/>\n\u2013 \u062a\u0635\u0645\u064a\u0645 \u0627\u0644\u0627\u0628\u062a\u0633\u0627\u0645\u0629<\/p>","protected":false},"excerpt":{"rendered":"<p>Estetik di\u015f hekimli\u011fi, sadece di\u015flerin de\u011fil, di\u015f etlerinin ve di\u015f kapan\u0131\u015f\u0131n\u0131n da g\u00f6r\u00fcn\u00fcm\u00fcn\u00fc iyile\u015ftiren bir di\u015f hekimli\u011fi dal\u0131d\u0131r. A\u011f\u0131z yap\u0131s\u0131n\u0131 ve g\u00fcl\u00fcmseme kalitesini iyile\u015ftirmek i\u00e7in kullan\u0131l\u0131r ve bu s\u00fcre\u00e7, di\u015flerin \u0131s\u0131rma \u015fekli ve kuvveti gibi i\u015flevlerini de kapsar. Estetik di\u015f hekimli\u011fi, di\u015flerin g\u00f6r\u00fcn\u00fcm\u00fcn\u00fc ve i\u015flevselli\u011fini bir arada ele al\u0131r. M\u00fckemmel bir g\u00fcl\u00fcmseme yaratmak estetik di\u015f [&hellip;]<\/p>","protected":false},"author":1,"featured_media":0,"parent":0,"menu_order":0,"comment_status":"closed","ping_status":"closed","template":"","meta":{"footnotes":""},"class_list":["post-27807","page","type-page","status-publish","hentry"],"_links":{"self":[{"href":"https:\/\/rylclinic.com\/ar\/wp-json\/wp\/v2\/pages\/27807","targetHints":{"allow":["GET"]}}],"collection":[{"href":"https:\/\/rylclinic.com\/ar\/wp-json\/wp\/v2\/pages"}],"about":[{"href":"https:\/\/rylclinic.com\/ar\/wp-json\/wp\/v2\/types\/page"}],"author":[{"embeddable":true,"href":"https:\/\/rylclinic.com\/ar\/wp-json\/wp\/v2\/users\/1"}],"replies":[{"embeddable":true,"href":"https:\/\/rylclinic.com\/ar\/wp-json\/wp\/v2\/comments?post=27807"}],"version-history":[{"count":1,"href":"https:\/\/rylclinic.com\/ar\/wp-json\/wp\/v2\/pages\/27807\/revisions"}],"predecessor-version":[{"id":27808,"href":"https:\/\/rylclinic.com\/ar\/wp-json\/wp\/v2\/pages\/27807\/revisions\/27808"}],"wp:attachment":[{"href":"https:\/\/rylclinic.com\/ar\/wp-json\/wp\/v2\/media?parent=27807"}],"curies":[{"name":"wp","href":"https:\/\/api.w.org\/{rel}","templated":true}]}}